{"id":12,"date":"2020-01-20T15:34:32","date_gmt":"2020-01-20T14:34:32","guid":{"rendered":"https:\/\/www.marmitesvolantes.fr\/?page_id=12"},"modified":"2025-04-03T16:54:13","modified_gmt":"2025-04-03T14:54:13","slug":"lentreprise","status":"publish","type":"page","link":"https:\/\/www.marmitesvolantes.fr\/index.php\/lentreprise\/","title":{"rendered":"L&rsquo;entreprise"},"content":{"rendered":"<p><strong>Si la viabilit\u00e9 \u00e9conomique est une n\u00e9cessit\u00e9, les Marmites Volantes sont avant tout port\u00e9es par une vision de soci\u00e9t\u00e9.<br \/>\n<\/strong><br \/>\nBien manger pour mieux vivre. Mieux acheter pour rester coh\u00e9rent. Transmettre savoirs et valeurs. Promouvoir une vie sociale de proximit\u00e9\u2026<\/p>\n","protected":false},"excerpt":{"rendered":"<p>Si la viabilit\u00e9 \u00e9conomique est une n\u00e9cessit\u00e9, les Marmites Volantes sont avant tout port\u00e9es par une vision de soci\u00e9t\u00e9. Bien manger pour mieux vivre. Mieux acheter pour rester coh\u00e9rent. Transmettre savoirs et valeurs. Promouvoir une vie sociale de proximit\u00e9\u2026<\/p>\n","protected":false},"author":1,"featured_media":0,"parent":0,"menu_order":0,"comment_status":"closed","ping_status":"closed","template":"entreprise.php","meta":{"footnotes":""},"class_list":["post-12","page","type-page","status-publish","hentry"],"_links":{"self":[{"href":"https:\/\/www.marmitesvolantes.fr\/index.php\/wp-json\/wp\/v2\/pages\/12","targetHints":{"allow":["GET"]}}],"collection":[{"href":"https:\/\/www.marmitesvolantes.fr\/index.php\/wp-json\/wp\/v2\/pages"}],"about":[{"href":"https:\/\/www.marmitesvolantes.fr\/index.php\/wp-json\/wp\/v2\/types\/page"}],"author":[{"embeddable":true,"href":"https:\/\/www.marmitesvolantes.fr\/index.php\/wp-json\/wp\/v2\/users\/1"}],"replies":[{"embeddable":true,"href":"https:\/\/www.marmitesvolantes.fr\/index.php\/wp-json\/wp\/v2\/comments?post=12"}],"version-history":[{"count":6,"href":"https:\/\/www.marmitesvolantes.fr\/index.php\/wp-json\/wp\/v2\/pages\/12\/revisions"}],"predecessor-version":[{"id":282,"href":"https:\/\/www.marmitesvolantes.fr\/index.php\/wp-json\/wp\/v2\/pages\/12\/revisions\/282"}],"wp:attachment":[{"href":"https:\/\/www.marmitesvolantes.fr\/index.php\/wp-json\/wp\/v2\/media?parent=12"}],"curies":[{"name":"wp","href":"https:\/\/api.w.org\/{rel}","templated":true}]}}