{"id":150,"date":"2020-01-22T23:11:17","date_gmt":"2020-01-22T22:11:17","guid":{"rendered":"https:\/\/www.marmitesvolantes.fr\/?page_id=150"},"modified":"2025-04-03T16:54:13","modified_gmt":"2025-04-03T14:54:13","slug":"on-recrute","status":"publish","type":"page","link":"https:\/\/www.marmitesvolantes.fr\/index.php\/on-recrute\/","title":{"rendered":"Postuler"},"content":{"rendered":"<h5><span style=\"font-weight: 400;\">Depuis 2012, <\/span><b>Les Marmites Volantes <\/b><span style=\"font-weight: 400;\">d\u00e9montrent que l\u2019on peut se r\u00e9galer le midi \u00e0 un prix\u00a0 raisonnable, tout en minimisant son impact sur la plan\u00e8te et en respectant tous ceux qui travaillent pour nous nourrir \u2014 paysans, cuisiniers, serveurs et livreurs. Que ce soit dans nos restos ou bien livr\u00e9s au boulot, \u00e0 la cantine ou en EHPAD, les repas sont r\u00e9alis\u00e9s \u00e0 partir de produits de saison, en circuit court, locaux et bio d\u00e8s que possible \u2014 et en plus c\u2019est super bon, <\/span><i><span style=\"font-weight: 400;\">dixit <\/span><\/i><span style=\"font-weight: 400;\">nos clients. Les producteurs sont dignement r\u00e9mun\u00e9r\u00e9s pour leur travail, les livreurs sont salari\u00e9s et plus de 90% de nos \u00e9quipes sont en CDI. Nos fameuses marmites permettent de s\u2019affranchir des emballages jetables, les d\u00e9chets organiques des cuisines sont collect\u00e9s et compost\u00e9s localement, les livraisons se font en v\u00e9lo cargo. L\u2019engagement n\u2019a jamais \u00e9t\u00e9 aussi gourmand.<\/span><\/h5>\n<h5>Pour compl\u00e9ter nos \u00e9quipes n<span class=\"s1\">ous recherchons des personnes motiv\u00e9es, pr\u00eates \u00e0 mobiliser et d\u00e9velopper leurs comp\u00e9tences pour contribuer au projet des Marmites Volantes.<\/span><\/h5>\n<h4><span style=\"color: #d52b36;\">Offres d&#8217;emploi<\/span><\/h4>\n            <div class=\"jobs-that-makesense_list jobs-that-makesense_count-100 jobs-that-makesense_largeur jobs-that-makesense_column jobs-that-makesense_column-3 clearfixe\" data-fields=\"\" data-paginate=\"24\" data-child-jobs=\"false\" data-id=\"1502\">\n                            <a class=\"job\" target=\"_blank\" href=\"https:\/\/jobs.makesense.org\/jobs\/les-marmites-volantes-livreurse-en-velo-cargo-ayFGSEEVKDyEJS9lQk8L?source=wordpress-integration&#038;utm_source=wordpress-integration&#038;utm_campaign=www.marmitesvolantes.fr\" data-redirection=\"active\" data-id=\"ayFGSEEVKDyEJS9lQk8L\" id=\"jobs-that-makesense_ayFGSEEVKDyEJS9lQk8L\">\n                                <h4 class=\"job__title\">Livreur.se en v\u00e9lo cargo<\/h4>\n                <p class=\"job__metas\">CDD - 19e Arrondissement, 75019 Paris, France<\/p>\n                <p class=\"job__company\">Publi\u00e9e le <span class=\"job__date\">16\/04\/2026<\/span><\/p>\n            <\/a>\n                        <a class=\"job\" target=\"_blank\" href=\"https:\/\/jobs.makesense.org\/jobs\/les-marmites-volantes-serveurse-en-restauration-engagee-pF1o69ysaYZpnYzKfs0z?source=wordpress-integration&#038;utm_source=wordpress-integration&#038;utm_campaign=www.marmitesvolantes.fr\" data-redirection=\"active\" data-id=\"pF1o69ysaYZpnYzKfs0z\" id=\"jobs-that-makesense_pF1o69ysaYZpnYzKfs0z\">\n                                <h4 class=\"job__title\">Serveur.se en restauration engag\u00e9e<\/h4>\n                <p class=\"job__metas\">CDD - 69 Rue Armand Carrel, 75019 Paris, France<\/p>\n                <p class=\"job__company\">Publi\u00e9e le <span class=\"job__date\">15\/04\/2026<\/span><\/p>\n            <\/a>\n                        <a class=\"job\" target=\"_blank\" href=\"https:\/\/jobs.makesense.org\/jobs\/les-marmites-volantes-alternante-assistante-administratif-gestion-et-developpement-UwmR09NE8yqHAEiSmrYO?source=wordpress-integration&#038;utm_source=wordpress-integration&#038;utm_campaign=www.marmitesvolantes.fr\" data-redirection=\"active\" data-id=\"UwmR09NE8yqHAEiSmrYO\" id=\"jobs-that-makesense_UwmR09NE8yqHAEiSmrYO\">\n                                <h4 class=\"job__title\">Alternant.e - Assistant\u00b7e administratif, gestion et d\u00e9veloppement<\/h4>\n                <p class=\"job__metas\">Alternance - Paris, France<\/p>\n                <p class=\"job__company\">Publi\u00e9e le <span class=\"job__date\">03\/04\/2026<\/span><\/p>\n            <\/a>\n                    <div class=\"jobs-that-makesense_pagination\">\n                <\/div>\n                    <\/div>\n            \n<h5>Si vous \u00eates motiv\u00e9.e, envoyez nous un message avec votre CV \u00e0 <a href=\"mailto:recrutement@marmitesvolantes.fr\">recrutement@marmitesvolantes.fr<\/a><\/h5>\n","protected":false},"excerpt":{"rendered":"<p>Depuis 2012, Les Marmites Volantes d\u00e9montrent que l\u2019on peut se r\u00e9galer le midi \u00e0 un prix\u00a0 raisonnable, tout en minimisant son impact sur la plan\u00e8te et en respectant tous ceux qui travaillent pour nous nourrir \u2014 paysans, cuisiniers, serveurs et livreurs. Que ce soit dans nos restos ou bien livr\u00e9s au boulot, \u00e0 la cantine [&hellip;]<\/p>\n","protected":false},"author":1,"featured_media":1033,"parent":0,"menu_order":0,"comment_status":"closed","ping_status":"closed","template":"editoriale.php","meta":{"footnotes":""},"class_list":["post-150","page","type-page","status-publish","has-post-thumbnail","hentry"],"_links":{"self":[{"href":"https:\/\/www.marmitesvolantes.fr\/index.php\/wp-json\/wp\/v2\/pages\/150","targetHints":{"allow":["GET"]}}],"collection":[{"href":"https:\/\/www.marmitesvolantes.fr\/index.php\/wp-json\/wp\/v2\/pages"}],"about":[{"href":"https:\/\/www.marmitesvolantes.fr\/index.php\/wp-json\/wp\/v2\/types\/page"}],"author":[{"embeddable":true,"href":"https:\/\/www.marmitesvolantes.fr\/index.php\/wp-json\/wp\/v2\/users\/1"}],"replies":[{"embeddable":true,"href":"https:\/\/www.marmitesvolantes.fr\/index.php\/wp-json\/wp\/v2\/comments?post=150"}],"version-history":[{"count":25,"href":"https:\/\/www.marmitesvolantes.fr\/index.php\/wp-json\/wp\/v2\/pages\/150\/revisions"}],"predecessor-version":[{"id":1039,"href":"https:\/\/www.marmitesvolantes.fr\/index.php\/wp-json\/wp\/v2\/pages\/150\/revisions\/1039"}],"wp:featuredmedia":[{"embeddable":true,"href":"https:\/\/www.marmitesvolantes.fr\/index.php\/wp-json\/wp\/v2\/media\/1033"}],"wp:attachment":[{"href":"https:\/\/www.marmitesvolantes.fr\/index.php\/wp-json\/wp\/v2\/media?parent=150"}],"curies":[{"name":"wp","href":"https:\/\/api.w.org\/{rel}","templated":true}]}}