{"id":152,"date":"2020-01-22T23:11:43","date_gmt":"2020-01-22T22:11:43","guid":{"rendered":"https:\/\/www.marmitesvolantes.fr\/?page_id=152"},"modified":"2025-04-03T16:54:13","modified_gmt":"2025-04-03T14:54:13","slug":"mentions-legales","status":"publish","type":"page","link":"https:\/\/www.marmitesvolantes.fr\/index.php\/mentions-legales\/","title":{"rendered":"Mentions l\u00e9gales"},"content":{"rendered":"<h4 style=\"text-align: center;\">EDITEUR DU SITE<\/h4>\n<h5 style=\"text-align: center;\">Soci\u00e9t\u00e9 Les Bouffesquetaires<\/h5>\n<h5 style=\"text-align: center;\">SARL au Capital de 62 250, 00 \u20ac<br \/>\nSi\u00e8ge : 69 rue Armand Carrel, 75019 Paris<\/h5>\n<h5 style=\"text-align: center;\">RCS PARIS 534 526 389| TVA FR 11 534526389<br \/>\nT\u00e9l. : <span class=\"zgWrF\">09 51 66 72 22<\/span><\/h5>\n<h5 style=\"text-align: center;\">E-mail : commercial@marmitesvolantes-preprod.starcrags.com<\/h5>\n<h4 style=\"text-align: center;\">DIRECTEUR DE LA PUBLICATION<\/h4>\n<h5 style=\"text-align: center;\">Ariane Delmas, en qualit\u00e9 de dirigeante de la soci\u00e9t\u00e9 Les Bouffesquetaires<\/h5>\n<h4 style=\"text-align: center;\">CONCEPTION &amp; CR\u00c9ATION<\/h4>\n<h5 style=\"text-align: center;\">Semi-K<\/h5>\n<h4 style=\"text-align: center;\">HEBERGEUR<\/h4>\n<h5 style=\"text-align: center;\">Soci\u00e9t\u00e9 : Gandi SAS<br \/>\n63-65 boulevard Mass\u00e9na<br \/>\n75013 Paris<\/h5>\n<h4 style=\"text-align: center;\">DONNEES PERSONNELLES<\/h4>\n<h5 style=\"text-align: center;\">Les informations et donn\u00e9es personnelles que Les Bouffesquetaires vous demande de lui fournir sont r\u00e9serv\u00e9es \u00e0 son usage. Vous disposez d\u2019un droit d\u2019acc\u00e8s, de modification, de rectification et de suppression des donn\u00e9es qui vous concernent (art 34 de la loi No 78-17 Informatique et Libert\u00e9). Pour l\u2019exercer, adressez-vous \u00e0 : Les Bouffesquetaires &#8211; 69 rue Armand Carrel, 75019 Paris, en joignant \u00e0 votre courrier une copie de votre carte d\u2019identit\u00e9 ou de votre passeport afin de vous identifier.<\/h5>\n<p style=\"text-align: center;\">Modifier mes autorisations concernant les cookies utilis\u00e9s sur le site :<br \/>\n<a role='button' tabindex='0' class=\"cli_settings_button\" style=\"margin:5px 20px 5px 20px;\" >R\u00e9glages<\/a><\/p>\n<p>&nbsp;<\/p>\n<h4 style=\"text-align: center;\">PROPRIETE INTELLECTUELLE<\/h4>\n<h5 style=\"text-align: center;\">Les Bouffesquetaires, le site http:\/\/www.lesmarmitesvolantes-preprod.starcrags.com et son contenu sont prot\u00e9g\u00e9s par le droit des marques et\/ou le droit d\u2019auteur et autres droits. L\u2019ensemble de ces \u00e9l\u00e9ments demeure la propri\u00e9t\u00e9 exclusive de Les Bouffesquetaires. En application des dispositions du Code de la propri\u00e9t\u00e9 intellectuelle, des dispositions l\u00e9gislatives et r\u00e9glementaires de tous pays et des conventions internationales, toute repr\u00e9sentation et\/ou reproduction, ou encore utilisation, exploitation, int\u00e9grale ou partielle, de l\u2019un quelconque des \u00e9l\u00e9ments mentionn\u00e9s ci-dessus, faite sans le consentement pr\u00e9alable et \u00e9crit de les Bouffesquetaires, est interdite.<\/h5>\n<h4 style=\"text-align: center;\">RESPONSABILITE<\/h4>\n<h5 style=\"text-align: center;\">Le Site peut contenir des liens vers d\u2019autres sites que nous n\u2019exploitons pas. Nous ne pouvons en aucune mani\u00e8re \u00eatre tenus responsables de la mise \u00e0 disposition de ces liens permettant l\u2019acc\u00e8s \u00e0 ces sites et sources externes, ni de leur contenu, publicit\u00e9s, produits, services ou tout autre mat\u00e9riel disponible sur ou \u00e0 partir de ces sites ou sources externes qui ne sont ni v\u00e9rifi\u00e9s ni approuv\u00e9s par nos \u00e9quipes. Les Bouffesquetaires s\u2019engage \u00e0 assurer ses meilleurs efforts pour offrir des informations actualis\u00e9es et exactes. Elle ne saurait \u00eatre tenue responsable d\u2019erreurs et\/ou d\u2019omissions se rapportant \u00e0 ces informations.<br \/>\nLes Bouffesquetaires se r\u00e9serve le droit de corriger ces erreurs et\/ou omissions, d\u00e8s qu\u2019elles sont port\u00e9es \u00e0 sa connaissance et, plus g\u00e9n\u00e9ralement, de modifier, \u00e0 tout moment, sans pr\u00e9avis, tout ou partie du Site ainsi que les pr\u00e9sentes, sans que sa responsabilit\u00e9 puisse \u00eatre engag\u00e9e de ce fait. Le t\u00e9l\u00e9chargement de tous mat\u00e9riels et\/ou documents lors de l\u2019utilisation du Site est de la responsabilit\u00e9 de l\u2019utilisateur qui est seul responsable de tout dommage subi par son \u00e9quipement informatique et\/ou de toutes pertes de donn\u00e9es cons\u00e9cutives y aff\u00e9rent. Plus g\u00e9n\u00e9ralement, Les Bouffesquetaires ne pourra en aucun cas \u00eatre tenue responsable en cas de dommages directs et\/ou indirects r\u00e9sultant de l\u2019utilisation du Site.<\/h5>\n<h4 style=\"text-align: center;\">DISPONIBILITE DU SITE WEB<\/h4>\n<h5 style=\"text-align: center;\">Les Bouffesquetaires rappelle qu\u2019il est techniquement impossible d\u2019\u00e9diter un site internet exempt de tous d\u00e9fauts lesquels peuvent conduire \u00e0 l\u2019indisponibilit\u00e9 temporaire du Site. De m\u00eame le bon fonctionnement du Site peut \u00eatre affect\u00e9 par des \u00e9v\u00e9nements et\/ou des \u00e9l\u00e9ments ext\u00e9rieurs et impr\u00e9visibles tels qu\u2019une panne des moyens de transmission et de communication.<br \/>\nLes Bouffesquetaires se r\u00e9serve le droit, \u00e0 tout moment, d\u2019interrompre temporairement ou de fa\u00e7on permanente tout ou partie du Site pour effectuer des op\u00e9rations de maintenance, d\u2019am\u00e9liorations et\/ou des am\u00e9liorations sur le site.<\/h5>\n","protected":false},"excerpt":{"rendered":"<p>EDITEUR DU SITE Soci\u00e9t\u00e9 Les Bouffesquetaires SARL au Capital de 62 250, 00 \u20ac Si\u00e8ge : 69 rue Armand Carrel, 75019 Paris RCS PARIS 534 526 389| TVA FR 11 534526389 T\u00e9l. : 09 51 66 72 22 E-mail : commercial@marmitesvolantes-preprod.starcrags.com DIRECTEUR DE LA PUBLICATION Ariane Delmas, en qualit\u00e9 de dirigeante de la soci\u00e9t\u00e9 Les [&hellip;]<\/p>\n","protected":false},"author":1,"featured_media":0,"parent":0,"menu_order":0,"comment_status":"closed","ping_status":"closed","template":"editoriale.php","meta":{"footnotes":""},"class_list":["post-152","page","type-page","status-publish","hentry"],"_links":{"self":[{"href":"https:\/\/www.marmitesvolantes.fr\/index.php\/wp-json\/wp\/v2\/pages\/152","targetHints":{"allow":["GET"]}}],"collection":[{"href":"https:\/\/www.marmitesvolantes.fr\/index.php\/wp-json\/wp\/v2\/pages"}],"about":[{"href":"https:\/\/www.marmitesvolantes.fr\/index.php\/wp-json\/wp\/v2\/types\/page"}],"author":[{"embeddable":true,"href":"https:\/\/www.marmitesvolantes.fr\/index.php\/wp-json\/wp\/v2\/users\/1"}],"replies":[{"embeddable":true,"href":"https:\/\/www.marmitesvolantes.fr\/index.php\/wp-json\/wp\/v2\/comments?post=152"}],"version-history":[{"count":8,"href":"https:\/\/www.marmitesvolantes.fr\/index.php\/wp-json\/wp\/v2\/pages\/152\/revisions"}],"predecessor-version":[{"id":715,"href":"https:\/\/www.marmitesvolantes.fr\/index.php\/wp-json\/wp\/v2\/pages\/152\/revisions\/715"}],"wp:attachment":[{"href":"https:\/\/www.marmitesvolantes.fr\/index.php\/wp-json\/wp\/v2\/media?parent=152"}],"curies":[{"name":"wp","href":"https:\/\/api.w.org\/{rel}","templated":true}]}}