{"id":18,"date":"2020-01-20T15:36:48","date_gmt":"2020-01-20T14:36:48","guid":{"rendered":"https:\/\/www.marmitesvolantes.fr\/?page_id=18"},"modified":"2025-04-03T16:54:12","modified_gmt":"2025-04-03T14:54:12","slug":"commander","status":"publish","type":"page","link":"https:\/\/www.marmitesvolantes.fr\/index.php\/commander\/","title":{"rendered":"Demande de devis"},"content":{"rendered":"\n<div class=\"wpcf7 no-js\" id=\"wpcf7-f357-o1\" lang=\"fr-FR\" dir=\"ltr\" data-wpcf7-id=\"357\">\n<div class=\"screen-reader-response\"><p role=\"status\" aria-live=\"polite\" aria-atomic=\"true\"><\/p> <ul><\/ul><\/div>\n<form action=\"\/index.php\/wp-json\/wp\/v2\/pages\/18#wpcf7-f357-o1\" method=\"post\" class=\"wpcf7-form init\" aria-label=\"Formulaire de contact\" novalidate=\"novalidate\" data-status=\"init\">\n<fieldset class=\"hidden-fields-container\"><input type=\"hidden\" name=\"_wpcf7\" value=\"357\" \/><input type=\"hidden\" name=\"_wpcf7_version\" value=\"6.1.1\" \/><input type=\"hidden\" name=\"_wpcf7_locale\" value=\"fr_FR\" \/><input type=\"hidden\" name=\"_wpcf7_unit_tag\" value=\"wpcf7-f357-o1\" \/><input type=\"hidden\" name=\"_wpcf7_container_post\" value=\"0\" \/><input type=\"hidden\" name=\"_wpcf7_posted_data_hash\" value=\"\" \/><input type=\"hidden\" name=\"_wpcf7cf_hidden_group_fields\" value=\"[]\" \/><input type=\"hidden\" name=\"_wpcf7cf_hidden_groups\" value=\"[]\" \/><input type=\"hidden\" name=\"_wpcf7cf_visible_groups\" value=\"[]\" \/><input type=\"hidden\" name=\"_wpcf7cf_repeaters\" value=\"[]\" \/><input type=\"hidden\" name=\"_wpcf7cf_steps\" value=\"{}\" \/><input type=\"hidden\" name=\"_wpcf7cf_options\" value=\"{&quot;form_id&quot;:357,&quot;conditions&quot;:[{&quot;then_field&quot;:&quot;group-adresse&quot;,&quot;and_rules&quot;:[{&quot;if_field&quot;:&quot;checkbox-besoin-lieu&quot;,&quot;operator&quot;:&quot;not equals&quot;,&quot;if_value&quot;:&quot;1&quot;}]},{&quot;then_field&quot;:&quot;group-presta-marmites&quot;,&quot;and_rules&quot;:[{&quot;if_field&quot;:&quot;choose-prestations&quot;,&quot;operator&quot;:&quot;equals&quot;,&quot;if_value&quot;:&quot;Formules Marmites&quot;}]},{&quot;then_field&quot;:&quot;group-presta-traiteur&quot;,&quot;and_rules&quot;:[{&quot;if_field&quot;:&quot;choose-prestations&quot;,&quot;operator&quot;:&quot;equals&quot;,&quot;if_value&quot;:&quot;Prestation traiteur (Buffet froid, cocktail sur mesure\\u2026)&quot;}]},{&quot;then_field&quot;:&quot;group-presta-conseil&quot;,&quot;and_rules&quot;:[{&quot;if_field&quot;:&quot;choose-prestations&quot;,&quot;operator&quot;:&quot;equals&quot;,&quot;if_value&quot;:&quot;Je ne sais pas, j\\u2019ai besoin d\\u2019\\u00eatre conseill\\u00e9&quot;}]},{&quot;then_field&quot;:&quot;group-boissons&quot;,&quot;and_rules&quot;:[{&quot;if_field&quot;:&quot;choose-prestations&quot;,&quot;operator&quot;:&quot;equals&quot;,&quot;if_value&quot;:&quot;Formules Marmites&quot;}]},{&quot;then_field&quot;:&quot;group-boissons&quot;,&quot;and_rules&quot;:[{&quot;if_field&quot;:&quot;choose-prestations&quot;,&quot;operator&quot;:&quot;equals&quot;,&quot;if_value&quot;:&quot;Prestation traiteur (Buffet froid, cocktail sur mesure\\u2026)&quot;}]},{&quot;then_field&quot;:&quot;group-envoyer&quot;,&quot;and_rules&quot;:[{&quot;if_field&quot;:&quot;choose-prestations&quot;,&quot;operator&quot;:&quot;equals&quot;,&quot;if_value&quot;:&quot;Formules Marmites&quot;}]},{&quot;then_field&quot;:&quot;group-envoyer&quot;,&quot;and_rules&quot;:[{&quot;if_field&quot;:&quot;choose-prestations&quot;,&quot;operator&quot;:&quot;equals&quot;,&quot;if_value&quot;:&quot;Prestation traiteur (Buffet froid, cocktail sur mesure\\u2026)&quot;}]},{&quot;then_field&quot;:&quot;group-envoyer&quot;,&quot;and_rules&quot;:[{&quot;if_field&quot;:&quot;choose-prestations&quot;,&quot;operator&quot;:&quot;equals&quot;,&quot;if_value&quot;:&quot;Je ne sais pas, j\\u2019ai besoin d\\u2019\\u00eatre conseill\\u00e9&quot;}]}],&quot;settings&quot;:{&quot;animation&quot;:&quot;yes&quot;,&quot;animation_intime&quot;:200,&quot;animation_outtime&quot;:200,&quot;conditions_ui&quot;:&quot;normal&quot;,&quot;notice_dismissed&quot;:false}}\" \/>\n<\/fieldset>\n<html>\n<body>\n\n<h1 style=\"color:red;\">Vous pouvez aussi nous transmettre vos demandes par un mail \u00e0 commercial@marmitesvolantes.fr ou nous contacter au 07.66.49.21.51.<\/h1>\n\n<\/body>\n<\/html>\n\n<div class=\"form-devis\">\n\t<div class=\"row\">\n\t\t<div class=\"col-md-4\"><\/div>\n\t\t<div class=\"col-md-4\">\n\t\t\t<div class=\"form-group\"> \n\t\t\t\t<label>Date de livraison - Votre commande doit \u00eatre valid\u00e9e 72h avant la livraison (pour une commande le lundi, merci de nous \u00e9crire au plus tard le mercredi matin pr\u00e9c\u00e9dent)\n\t\t\t\t<div class=\"form-group date-livraison\"><input class=\"wpcf7-form-control wpcf7-date wpcf7-validates-as-required wpcf7-validates-as-date form-control\" name=\"date-livraison\" type=\"date\" value=\"\" min=\"\" max=\"\" step=\"\" aria-invalid=\"false\" aria-required=\"true\" required><\/div>\n\t\t\t\t<\/label>\n\t\t\t<\/div>\n\t\t\t<div class=\"form-group row\"> \n\t\t\t\t<div class=\"col-md-6 no-gutters\">\n\t\t\t\t\t<label>Lieu de livraison\n\t\t\t\t\t<div class=\"form-group adresse\"><input class=\"wpcf7-form-control wpcf7-text form-control\" name=\"adresse\" type=\"text\" value=\"\" placeholder=\"37 rue du Canal, 75019 Paris\" aria-invalid=\"false\"><\/div>\n\t\t\t\t\t<\/label>\n\t\t\t\t<\/div>\n\t\t\t\t<div class=\"col-md-6 no-gutters\">\n\t\t\t\t\t<div class=\"form-group wpcf7-form-control wpcf7-checkbox checkbox-besoin-lieu\"><div class=\"checkbox wpcf7-form-control wpcf7-checkbox checkbox-besoin-lieu\"><label ><input name=\"checkbox-besoin-lieu\" type=\"checkbox\" value=\"J&#039;ai besoin de louer un lieu\" aria-invalid=\"false\">J'ai besoin de louer un lieu<\/label><\/div><\/div>\n\t\t\t\t<\/div>\n\t\t\t<\/div>\n\t\t\t<div data-id=\"group-adresse\" data-orig_data_id=\"group-adresse\"  class=\"\" data-class=\"wpcf7cf_group\">\n\t\t\t<div class=\"form-group\"> \n\t\t\t\t\t<label>Compl\u00e9ments d\u2019information \u00e0 transmettre au livreur (code, \u00e9tage, nom de salle\u2026) \n\t\t\t\t\t<div class=\"form-group text-precisions\"><input class=\"wpcf7-form-control wpcf7-text form-control\" name=\"text-precisions\" type=\"text\" value=\"\" aria-invalid=\"false\"><\/div>\n\t\t\t\t\t<\/label>\n\t\t\t<\/div>\n\t\t\t<\/div>\n\t\t<\/div>\n\t\t<div class=\"col-md-4\"><\/div>\n\t<\/div>\n\t<div class=\"row\">\n\t\t<div class=\"col-md-4\"><\/div>\n\t\t<div class=\"col-md-4\">\n\t\t\t<div class=\"form-group\"> \n\t\t\t\t<label>Nom \n\t\t\t\t<div class=\"form-group nom\"><input class=\"wpcf7-form-control wpcf7-text wpcf7-validates-as-required form-control\" name=\"nom\" type=\"text\" value=\"\" placeholder=\"Durand\" aria-invalid=\"false\" aria-required=\"true\" required><\/div>\n\t\t\t\t<\/label>\n\t\t\t<\/div>\n\t\t\t<div class=\"form-group\"> \n\t\t\t\t<label>Pr\u00e9nom \n\t\t\t\t<div class=\"form-group prenom\"><input class=\"wpcf7-form-control wpcf7-text wpcf7-validates-as-required form-control\" name=\"prenom\" type=\"text\" value=\"\" placeholder=\"Alice\" aria-invalid=\"false\" aria-required=\"true\" required><\/div>\n\t\t\t\t<\/label>\n\t\t\t<\/div>\n\t\t\t<div class=\"form-group\"> \n\t\t\t\t<label>Entreprise \n\t\t\t\t<div class=\"form-group entreprise\"><input class=\"wpcf7-form-control wpcf7-text form-control\" name=\"entreprise\" type=\"text\" value=\"\" placeholder=\"Facultatif\" aria-invalid=\"false\"><\/div>\n\t\t\t\t<\/label>\n\t\t\t<\/div>\n\t\t\t<div class=\"form-group\"> \n\t\t\t\t<label>Adresse de facturation \n\t\t\t\t<div class=\"form-group adresse-facturation\"><textarea class=\"wpcf7-form-control wpcf7-textarea form-control\" name=\"adresse-facturation\" rows=\"4\" placeholder=\"1 rue du Pont - 75000 PARIS\" aria-invalid=\"false\"><\/textarea><\/div>\n\t\t\t\t<\/label>\n\t\t\t<\/div>\n\t\t\t<div class=\"form-group\"> \n\t\t\t\t<label>T\u00e9l\u00e9phone\n\t\t\t\t<div class=\"form-group tel-telephone\"><input class=\"wpcf7-form-control wpcf7-tel wpcf7-validates-as-required wpcf7-text wpcf7-validates-as-tel form-control\" name=\"tel-telephone\" type=\"tel\" value=\"\" placeholder=\"0123456789\" aria-invalid=\"false\" aria-required=\"true\" required><\/div>\n\t\t\t\t<\/label>\n\t\t\t<\/div>\n\t\t\t<div class=\"form-group\"> \n\t\t\t\t<label>Email \n\t\t\t\t<div class=\"form-group email-contact\"><input class=\"wpcf7-form-control wpcf7-email wpcf7-validates-as-required wpcf7-text wpcf7-validates-as-email form-control\" name=\"email-contact\" type=\"email\" value=\"\" placeholder=\"nom.prenom@email.com\" aria-invalid=\"false\" aria-required=\"true\" required><\/div>\n\t\t\t\t<\/label>\n\t\t\t<\/div>\n\t\t<\/div>\n\t\t<div class=\"col-md-4\"><\/div>\n\t<\/div>\n\t<div class=\"row\">\n\t\t<div class=\"col-md-4\"><\/div>\n\t\t<div class=\"col-md-4\">\n\t\t\t<div class=\"form-group\"> \n\t\t\t\t<h4>Type de prestation<\/h4>\n\t\t\t\t<div class=\"form-group wpcf7-form-control wpcf7-radio choose-prestations\"><div class=\"radio\"><label><input name=\"choose-prestations\" type=\"radio\" value=\"Formules Marmites\" aria-invalid=\"false\" aria-required=\"true\" required>Formules Marmites<\/label><\/div><div class=\"radio\"><label><input name=\"choose-prestations\" type=\"radio\" value=\"Prestation traiteur (Buffet froid, cocktail sur mesure\u2026)\" aria-invalid=\"false\" aria-required=\"true\" required>Prestation traiteur (Buffet froid, cocktail sur mesure\u2026)<\/label><\/div><div class=\"radio\"><label><input name=\"choose-prestations\" type=\"radio\" value=\"Je ne sais pas, j\u2019ai besoin d\u2019\u00eatre conseill\u00e9\" aria-invalid=\"false\" aria-required=\"true\" required>Je ne sais pas, j\u2019ai besoin d\u2019\u00eatre conseill\u00e9<\/label><\/div><\/div>\n\t\t\t<\/div>\n\t\t<\/div>\n\t\t<div class=\"col-md-4\"><\/div>\n\t<\/div>\n\n\n\n\t<div data-id=\"group-presta-marmites\" data-orig_data_id=\"group-presta-marmites\" data-clear_on_hide class=\"\" data-class=\"wpcf7cf_group\">\n\t<div class=\"row\">\n\t\t<div class=\"col-md-4\"><\/div>\n\t\t<div class=\"col-md-4\"> \n\t\t\t<div class=\"form-group\">\n\t\t\t\t<label>Nombre de formules marmites v\u00e9g\u00e9tariennes \u00e0 partager pour 4 personnes (56 \u20ac HT)\n\t\t\t\t<div class=\"form-group number-marmites-vege\"><input class=\"wpcf7-form-control wpcf7-number wpcf7-validates-as-number form-control\" name=\"number-marmites-vege\" type=\"number\" value=\"0\" min=\"0\" max=\"\" step=\"\" aria-invalid=\"false\"><\/div>\n\t\t\t\t<\/label>\n\t\t\t<\/div>\n\t\t\t<div class=\"form-group\">\n\t\t\t\t<label>Nombre de formules marmites carn\u00e9es \u00e0 partager pour 4 personnes (66 \u20ac HT)\n\t\t\t\t<div class=\"form-group number-marmites-carne\"><input class=\"wpcf7-form-control wpcf7-number wpcf7-validates-as-number form-control\" name=\"number-marmites-carne\" type=\"number\" value=\"0\" min=\"0\" max=\"\" step=\"\" aria-invalid=\"false\"><\/div>\n\t\t\t\t<\/label>\n\t\t\t<\/div>\n\t\t\t<div class=\"form-group\">\n\t\t\t\t<label>Nombre de desserts individuels (3,50 \u20ac HT)\n\t\t\t\t<div class=\"form-group number-dessert\"><input class=\"wpcf7-form-control wpcf7-number wpcf7-validates-as-number form-control\" name=\"number-dessert\" type=\"number\" value=\"0\" min=\"0\" max=\"\" step=\"\" aria-invalid=\"false\"><\/div>\n\t\t\t\t<\/label>\n\t\t\t<\/div>\n\t\t\t<div class=\"form-group\">\n\t\t\t\t<label>Nombre de desserts extra \u00e0 partager pour 4 personnes (20 \u20ac HT)\n\t\t\t\t<div class=\"form-group number-dessert-extra\"><input class=\"wpcf7-form-control wpcf7-number wpcf7-validates-as-number form-control\" name=\"number-dessert-extra\" type=\"number\" value=\"0\" min=\"0\" max=\"\" step=\"\" aria-invalid=\"false\"><\/div>\n\t\t\t\t<\/label>\n\t\t\t<\/div>\n\t\t<\/div>\n\t\t<div class=\"col-md-4\"><\/div>\n\t<\/div>\n\t<\/div>\n\n\n\n\n\t<div data-id=\"group-presta-traiteur\" data-orig_data_id=\"group-presta-traiteur\" data-clear_on_hide class=\"\" data-class=\"wpcf7cf_group\">\n\t<div class=\"row presta-traiteur\">\n\t\t<div class=\"col-md-4\"><\/div>\n\t\t<div class=\"col-md-4\"> \n\t\t\t<div class=\"form-group\">\n\t\t\t\t<label>Nombre de convives\n\t\t\t\t<div class=\"form-group number-convives\"><input class=\"wpcf7-form-control wpcf7-number wpcf7-validates-as-number form-control\" name=\"number-convives\" type=\"number\" value=\"0\" min=\"0\" max=\"\" step=\"\" aria-invalid=\"false\"><\/div>\n\t\t\t\t<\/label>\n\t\t\t\t<div class=\"form-group wpcf7-form-control wpcf7-radio choose-traiteur-type\"><div class=\"radio\"><label><input name=\"choose-traiteur-type\" type=\"radio\" value=\"Buffet froid\" aria-invalid=\"false\" aria-required=\"true\" required>Buffet froid<\/label><\/div><div class=\"radio\"><label><input name=\"choose-traiteur-type\" type=\"radio\" value=\"Cocktail sur mesure\" aria-invalid=\"false\" aria-required=\"true\" required>Cocktail sur mesure<\/label><\/div><div class=\"radio\"><label><input name=\"choose-traiteur-type\" type=\"radio\" value=\"Je ne sais pas, j\u2019ai besoin d\u2019\u00eatre conseill\u00e9\" aria-invalid=\"false\" aria-required=\"true\" required>Je ne sais pas, j\u2019ai besoin d\u2019\u00eatre conseill\u00e9<\/label><\/div><\/div>\n\t\t\t<\/div>\n\t\t<\/div>\n\t\t<div class=\"col-md-4\"><\/div>\n\t<\/div>\n\t<\/div>\n\n\n\n\t<div data-id=\"group-presta-conseil\" data-orig_data_id=\"group-presta-conseil\" data-clear_on_hide class=\"\" data-class=\"wpcf7cf_group\">\n\t<div class=\"row presta-conseil\">\n\t\t<div class=\"col-md-4\"><\/div>\n\t\t<div class=\"col-md-4\"> \n\t\t\t<div class=\"form-group\">\n\t\t\t\t<label>Nombre de convives\n\t\t\t\t<div class=\"form-group number-convives\"><input class=\"wpcf7-form-control wpcf7-number wpcf7-validates-as-number form-control\" name=\"number-convives\" type=\"number\" value=\"0\" min=\"0\" max=\"\" step=\"\" aria-invalid=\"false\"><\/div>\n\t\t\t\t<\/label>\n\t\t\t<\/div>\n\t\t\t<div class=\"form-group\">\n\t\t\t\tPouvez-vous nous expliquer succinctement votre \u00e9v\u00e9nement et vos besoins ?\n\t\t\t\t<div class=\"form-group textarea-conseil-commentaire\"><textarea class=\"wpcf7-form-control wpcf7-textarea form-control\" name=\"textarea-conseil-commentaire\" rows=\"4\" aria-invalid=\"false\"><\/textarea><\/div>\n\t\t\t<\/div>\n\t\t<\/div>\n\t\t<div class=\"col-md-4\"><\/div>\n\t<\/div>\n\t<\/div>\n\n\n\n\n\t<div data-id=\"group-boissons\" data-orig_data_id=\"group-boissons\"  class=\"\" data-class=\"wpcf7cf_group\">\n\t<div class=\"row\">\n\t\t<div class=\"col-md-4\"><\/div>\n\t\t<div class=\"col-md-4\"> \n\t\t\t<h4>Couverts<\/h4>\n\t\t\t<div class=\"form-group\">\n\t\t\t\t<label>Nombre de kit couverts souhait\u00e9s (1,50 \u20ac HT\/kit)\n\t\t\t\t<div class=\"form-group number-kits-couverts\"><input class=\"wpcf7-form-control wpcf7-number wpcf7-validates-as-number form-control\" name=\"number-kits-couverts\" type=\"number\" value=\"0\" min=\"0\" max=\"\" step=\"\" aria-invalid=\"false\"><\/div>\n\t\t\t\t<\/label>\n\t\t\t<\/div>\n\t\t\t<div class=\"form-group\">\n\t\t\t\t<label>Nombre d\u2019\u00e9cocups souhait\u00e9s (0,50 \u20ac HT\/\u00e9cocup)\n\t\t\t\t<div class=\"form-group number-ecocups\"><input class=\"wpcf7-form-control wpcf7-number wpcf7-validates-as-number form-control\" name=\"number-ecocups\" type=\"number\" value=\"0\" min=\"0\" max=\"\" step=\"\" aria-invalid=\"false\"><\/div>\n\t\t\t\t<\/label>\n\t\t\t<\/div>\n\t\t\t<h4>Boissons<\/h4>\n\t\t\t<div class=\"form-group\">\n\t\t\t\t<label>Eau gazeuse 1L - 5 \u20ac HT\n\t\t\t\t<div class=\"form-group number-boisson-eau-gazeuze\"><input class=\"wpcf7-form-control wpcf7-number wpcf7-validates-as-number form-control\" name=\"number-boisson-eau-gazeuze\" type=\"number\" value=\"0\" min=\"0\" max=\"\" step=\"\" aria-invalid=\"false\"><\/div>\n\t\t\t\t<\/label>\n\t\t\t<\/div>\n\t\t\t<div class=\"form-group\">\n\t\t\t\t<label>Jus de fruit 5L - 40 \u20ac HT\n\t\t\t\t<div class=\"form-group number-boisson-jus-fruit\"><input class=\"wpcf7-form-control wpcf7-number wpcf7-validates-as-number form-control\" name=\"number-boisson-jus-fruit\" type=\"number\" value=\"0\" min=\"0\" max=\"\" step=\"\" aria-invalid=\"false\"><\/div>\n\t\t\t\t<\/label>\n\t\t\t<\/div>\n\t\t\t<div class=\"form-group\">\n\t\t\t\t<label>Limonade 1L - 7 \u20ac HT\n\t\t\t\t<div class=\"form-group number-boisson-limonade\"><input class=\"wpcf7-form-control wpcf7-number wpcf7-validates-as-number form-control\" name=\"number-boisson-limonade\" type=\"number\" value=\"0\" min=\"0\" max=\"\" step=\"\" aria-invalid=\"false\"><\/div>\n\t\t\t\t<\/label>\n\t\t\t<\/div>\n\t\t\t<div class=\"form-group\">\n\t\t\t\t<label>Vin 0,75L - 20 \u20ac HT\n\t\t\t\t<div class=\"form-group number-boisson-vin\"><input class=\"wpcf7-form-control wpcf7-number wpcf7-validates-as-number form-control\" name=\"number-boisson-vin\" type=\"number\" value=\"0\" min=\"0\" max=\"\" step=\"\" aria-invalid=\"false\"><\/div>\n\t\t\t\t<\/label>\n\t\t\t<\/div>\n\t\t\t<div class=\"form-group\">\n\t\t\t\t<label>Vin 5L - 74 \u20ac HT\n\t\t\t\t<div class=\"form-group number-boisson-vin-5l\"><input class=\"wpcf7-form-control wpcf7-number wpcf7-validates-as-number form-control\" name=\"number-boisson-vin-5l\" type=\"number\" value=\"0\" min=\"0\" max=\"\" step=\"\" aria-invalid=\"false\"><\/div>\n\t\t\t\t<\/label>\n\t\t\t<\/div>\n\t\t\t<div class=\"form-group\">\n\t\t\t\t<label>Bi\u00e8res 33cl - 5,50 \u20ac HT\n\t\t\t\t<div class=\"form-group number-boisson-biere\"><input class=\"wpcf7-form-control wpcf7-number wpcf7-validates-as-number form-control\" name=\"number-boisson-biere\" type=\"number\" value=\"0\" min=\"0\" max=\"\" step=\"\" aria-invalid=\"false\"><\/div>\n\t\t\t\t<\/label>\n\t\t\t<\/div>\n\t\t\t<div class=\"form-group\">\n\t\t\t\t<label>Bi\u00e8res 75cl - 8,50 \u20ac HT\n\t\t\t\t<div class=\"form-group number-boisson-biere-50cl\"><input class=\"wpcf7-form-control wpcf7-number wpcf7-validates-as-number form-control\" name=\"number-boisson-biere-50cl\" type=\"number\" value=\"0\" min=\"0\" max=\"\" step=\"\" aria-invalid=\"false\"><\/div>\n\t\t\t\t<\/label>\n\t\t\t<\/div>\n\t\t<\/div>\n\t\t<div class=\"col-md-4\"><\/div>\n\t<\/div>\n\t<div class=\"row\">\n\t\t<div class=\"col-md-4\"><\/div>\n\t\t<div class=\"col-md-4\"> \n\t\t\t<h4>Boisson chaudes (18 \u20ac HT\/L)<\/h4>\n\t\t\t<div class=\"form-group\">\n\t\t\t\t<label>Th\u00e9\n\t\t\t\t<div class=\"form-group number-boisson-chaude-the\"><input class=\"wpcf7-form-control wpcf7-number wpcf7-validates-as-number form-control\" name=\"number-boisson-chaude-the\" type=\"number\" value=\"0\" min=\"0\" max=\"\" step=\"\" aria-invalid=\"false\"><\/div>\n\t\t\t\t<\/label>\n\t\t\t<\/div>\n\t\t\t<div class=\"form-group\">\n\t\t\t\t<label>Caf\u00e9\n\t\t\t\t<div class=\"form-group number-boisson-chaude-cafe\"><input class=\"wpcf7-form-control wpcf7-number wpcf7-validates-as-number form-control\" name=\"number-boisson-chaude-cafe\" type=\"number\" value=\"0\" min=\"0\" max=\"\" step=\"\" aria-invalid=\"false\"><\/div>\n\t\t\t\t<\/label>\n\t\t\t<\/div>\n\t\t<\/div>\n\t\t<div class=\"col-md-4\"><\/div>\n\t<\/div>\n\t<div class=\"row infos\">\n\t\t<div class=\"col-md-4\"><\/div>\n\t\t<div class=\"col-md-4\"> \n\t\t\t<div class=\"form-group\">\n\t\t\t\t<label>\n\t\t\t\tVotre livraison arrivera entre 11h30 et 12h30, si vous souhaitez pr\u00e9ciser une contrainte (ex : livraison avant 12h imp\u00e9rativement), indiquez-l\u00e0 ici 18 \u20ac HT suppl\u00e9mentaires vous seront factur\u00e9s. \n\t\t\t\t<div class=\"form-group text-horaire-special\"><input class=\"wpcf7-form-control wpcf7-text form-control\" name=\"text-horaire-special\" type=\"text\" value=\"\" aria-invalid=\"false\"><\/div><\/label>\n\t\t\t\t<label>N\u2019h\u00e9sitez pas \u00e0 nous pr\u00e9ciser des \u00e9l\u00e9ments ici (r\u00e9gimes particuliers \u00e0 prendre en compte\u2026) ou tout autre commentaire\n\t\t\t\t<div class=\"form-group textarea-commentaire\"><textarea class=\"wpcf7-form-control wpcf7-textarea form-control\" name=\"textarea-commentaire\" rows=\"4\" aria-invalid=\"false\"><\/textarea><\/div>\n\t\t\t\t<\/label>\n\t\t\t<\/div>\n\t\t<\/div>\n\t\t<div class=\"col-md-4\"><\/div>\n\t<\/div> \n\t<\/div>\n<html>\n<body>\n\n<h5 style=\"color:red;\">Attention, ce formulaire ne vaut pas pour commande. Une fois le formulaire envoy\u00e9, vous allez recevoir un devis par notre \u00e9quipe commerciale qu'il faudra valider par retour de mail.<\/h5>\n\n<\/body>\n<\/html>\n\n\n\n\t<div data-id=\"group-envoyer\" data-orig_data_id=\"group-envoyer\"  class=\"\" data-class=\"wpcf7cf_group\">\n\t<div class=\"row\">\n\t\t<div class=\"col-md-4\"><\/div>\n\t\t<div class=\"col-md-4\"> \n\t\t\t<div class=\"form-group\"><div><input class=\"wpcf7-form-control wpcf7-submit btn btn-primary\" type=\"submit\" value=\"Envoyer votre demande\"><\/div><\/div>\n\t\t<\/div>\n\t\t<div class=\"col-md-4\"><\/div>\n\t<\/div>\n\t<\/div>\n<\/div><div class=\"wpcf7-response-output alert alert-warning\"><\/div>\n<\/form>\n<\/div>\n\n","protected":false},"excerpt":{"rendered":"","protected":false},"author":1,"featured_media":0,"parent":0,"menu_order":0,"comment_status":"closed","ping_status":"closed","template":"","meta":{"footnotes":""},"class_list":["post-18","page","type-page","status-publish","hentry"],"_links":{"self":[{"href":"https:\/\/www.marmitesvolantes.fr\/index.php\/wp-json\/wp\/v2\/pages\/18","targetHints":{"allow":["GET"]}}],"collection":[{"href":"https:\/\/www.marmitesvolantes.fr\/index.php\/wp-json\/wp\/v2\/pages"}],"about":[{"href":"https:\/\/www.marmitesvolantes.fr\/index.php\/wp-json\/wp\/v2\/types\/page"}],"author":[{"embeddable":true,"href":"https:\/\/www.marmitesvolantes.fr\/index.php\/wp-json\/wp\/v2\/users\/1"}],"replies":[{"embeddable":true,"href":"https:\/\/www.marmitesvolantes.fr\/index.php\/wp-json\/wp\/v2\/comments?post=18"}],"version-history":[{"count":7,"href":"https:\/\/www.marmitesvolantes.fr\/index.php\/wp-json\/wp\/v2\/pages\/18\/revisions"}],"predecessor-version":[{"id":1180,"href":"https:\/\/www.marmitesvolantes.fr\/index.php\/wp-json\/wp\/v2\/pages\/18\/revisions\/1180"}],"wp:attachment":[{"href":"https:\/\/www.marmitesvolantes.fr\/index.php\/wp-json\/wp\/v2\/media?parent=18"}],"curies":[{"name":"wp","href":"https:\/\/api.w.org\/{rel}","templated":true}]}}