{"id":20,"date":"2020-01-20T15:37:25","date_gmt":"2020-01-20T14:37:25","guid":{"rendered":"https:\/\/www.marmitesvolantes.fr\/?page_id=20"},"modified":"2025-04-03T16:54:13","modified_gmt":"2025-04-03T14:54:13","slug":"histoire","status":"publish","type":"page","link":"https:\/\/www.marmitesvolantes.fr\/index.php\/lentreprise\/histoire\/","title":{"rendered":"Histoire"},"content":{"rendered":"<h3 style=\"text-align: left;\"><span style=\"font-weight: 400;\"><strong><span style=\"color: #d52b35;\">2011<\/span><br \/>\n<\/strong><\/span><\/h3>\n<h4 style=\"text-align: left;\"><span style=\"font-weight: 400; color: #d52b35;\"><strong>Rencontre des 4 co-fondateurs et cr\u00e9ation de la SARL Les Bouffesquetaires<\/strong><\/span><\/h4>\n<h5 style=\"text-align: left;\"><span style=\"font-weight: 400; color: #3e2b36;\">A l\u2019origine, Bertrand et Lelio sous-louent des cuisines de restaurants pour produire les repas qu\u2019ils acheminent \u00e0 v\u00e9lo, ils font le service dans l\u2019entreprise dans des contenants de grand format puis repartent avec les contenants vides.<\/span><\/h5>\n<h5 style=\"text-align: left;\"><span style=\"font-weight: 400; color: #3e2b36;\">Apr\u00e8s 2 ans, les limites sont identifi\u00e9es : un lieu de production fixe est n\u00e9cessaire avec une \u00e9quipe cuisine d\u00e9di\u00e9e, et il faut trouver des contenants \u00e0 laisser chez les clients pour pouvoir d\u00e9multiplier le nombre de clients.<\/span><\/h5>\n<h5 style=\"text-align: left;\">En Septembre 2011, Lelio, Bertrand\u00a0 Ariane et Madalena se rencontrent et d\u00e9cident de cr\u00e9er ensemble la SARL Les Bouffesquetaires.<\/h5>\n<h3 style=\"text-align: left;\"><span style=\"color: #d52b35;\"><strong>2012 <\/strong><\/span><\/h3>\n<h4 style=\"text-align: left;\"><span style=\"color: #d52b35;\"><strong>Ouverture du 1er restaurant \u00e0 Jaur\u00e8s &#8211; 75019<\/strong><\/span><\/h4>\n<h5 style=\"text-align: left;\"><span style=\"font-weight: 400; color: #3e2b36;\">Pendant 4 mois, les 4 co-fondateurs d\u00e9dient leur temps aux travaux du premier restaurant \u00e0 Jaur\u00e8s et \u00e0 l\u2019am\u00e9nagement du lieu, pour une ouverture en Mai 2012.<\/span><\/h5>\n<h5 style=\"text-align: left;\"><img loading=\"lazy\" decoding=\"async\" class=\"size-medium wp-image-750 alignleft\" src=\"https:\/\/www.marmitesvolantes.fr\/wp-content\/uploads\/2020\/05\/Jaure\u0300s-300x200.jpg\" alt=\"\" width=\"300\" height=\"200\" srcset=\"https:\/\/www.marmitesvolantes.fr\/wp-content\/uploads\/2020\/05\/Jaure\u0300s-300x200.jpg 300w, https:\/\/www.marmitesvolantes.fr\/wp-content\/uploads\/2020\/05\/Jaure\u0300s-768x512.jpg 768w, https:\/\/www.marmitesvolantes.fr\/wp-content\/uploads\/2020\/05\/Jaure\u0300s.jpg 970w\" sizes=\"auto, (max-width: 300px) 100vw, 300px\" \/><\/h5>\n<h3 style=\"text-align: left;\"><\/h3>\n<h3 style=\"text-align: left;\"><\/h3>\n<h3><\/h3>\n<h3 style=\"text-align: left;\"><span style=\"color: #d52b35;\"><strong>2014 <\/strong><\/span><\/h3>\n<h4 style=\"text-align: left;\"><span style=\"color: #d52b35;\"><strong>1er salari\u00e9 hors fondateurs<\/strong><\/span><\/h4>\n<h3 style=\"text-align: left;\"><span style=\"font-weight: 400;\"><span style=\"color: #d52b35;\"><strong>2015 <\/strong><\/span><\/span><\/h3>\n<h4 style=\"text-align: left;\"><span style=\"color: #d52b35;\"><strong>Ouverture du 2e restaurant \u00e0 Montreuil<\/strong><\/span><\/h4>\n<h5 style=\"text-align: left;\"><img loading=\"lazy\" decoding=\"async\" class=\"size-medium wp-image-731 alignleft\" src=\"https:\/\/www.marmitesvolantes.fr\/wp-content\/uploads\/2020\/04\/Marmites-Montreuil-14-300x200.jpg\" alt=\"\" width=\"300\" height=\"200\" srcset=\"https:\/\/www.marmitesvolantes.fr\/wp-content\/uploads\/2020\/04\/Marmites-Montreuil-14-300x200.jpg 300w, https:\/\/www.marmitesvolantes.fr\/wp-content\/uploads\/2020\/04\/Marmites-Montreuil-14-1024x683.jpg 1024w, https:\/\/www.marmitesvolantes.fr\/wp-content\/uploads\/2020\/04\/Marmites-Montreuil-14-768x512.jpg 768w, https:\/\/www.marmitesvolantes.fr\/wp-content\/uploads\/2020\/04\/Marmites-Montreuil-14-1536x1024.jpg 1536w, https:\/\/www.marmitesvolantes.fr\/wp-content\/uploads\/2020\/04\/Marmites-Montreuil-14-2048x1365.jpg 2048w, https:\/\/www.marmitesvolantes.fr\/wp-content\/uploads\/2020\/04\/Marmites-Montreuil-14-1320x880.jpg 1320w\" sizes=\"auto, (max-width: 300px) 100vw, 300px\" \/><\/h5>\n<h3 style=\"text-align: left;\"><\/h3>\n<h3 style=\"text-align: left;\"><\/h3>\n<h3><\/h3>\n<h3 style=\"text-align: left;\"><span style=\"color: #d52b36;\">2016<\/span><\/h3>\n<h4 style=\"text-align: left;\"><span style=\"color: #d52b36;\">Lelio prend la direction de l&rsquo;entreprise, les autres co-fondateurs sortent de l&rsquo;op\u00e9rationnel<\/span><\/h4>\n<h3 style=\"text-align: left;\"><span style=\"color: #d52b35;\"><strong>2017 <\/strong><\/span><\/h3>\n<h4 style=\"text-align: left;\"><strong><span style=\"color: #d52b35;\">1er bilan avec un r\u00e9sultat net positif.<br \/>\n1\u00e8res livraisons de repas en \u00e9tablissements scolaires.<\/span><\/strong><\/h4>\n<h5 style=\"text-align: left;\"><img loading=\"lazy\" decoding=\"async\" class=\"size-medium wp-image-800 alignleft\" src=\"https:\/\/www.marmitesvolantes.fr\/wp-content\/uploads\/2021\/12\/Photo-cantine-serviettes-copie-300x225.jpeg\" alt=\"\" width=\"300\" height=\"200\" \/><\/h5>\n<h3 style=\"text-align: left;\"><\/h3>\n<h3 style=\"text-align: left;\"><\/h3>\n<h3><\/h3>\n<h3 style=\"text-align: left;\"><span style=\"color: #d52b35;\"><strong>2018 <\/strong><\/span><\/h3>\n<div id=\"1586369084.003200\" class=\"c-virtual_list__item\" tabindex=\"-1\" role=\"listitem\" aria-expanded=\"false\" data-qa=\"virtual-list-item\">\n<div class=\"c-message_kit__background p-message_pane_message__message c-message_kit__message\" role=\"document\" data-qa=\"message_container\" data-qa-unprocessed=\"false\" data-qa-placeholder=\"false\">\n<div class=\"c-message_kit__hover\" role=\"document\" data-qa-hover=\"true\">\n<div class=\"c-message_kit__actions c-message_kit__actions--above\">\n<div class=\"c-message_kit__gutter\">\n<div class=\"c-message_kit__gutter__right\" data-qa=\"message_content\">\n<div class=\"c-message_kit__blocks c-message_kit__blocks--rich_text\">\n<div class=\"c-message__message_blocks c-message__message_blocks--rich_text\">\n<div class=\"p-block_kit_renderer\" data-qa=\"block-kit-renderer\">\n<div class=\"p-block_kit_renderer__block_wrapper p-block_kit_renderer__block_wrapper--first\">\n<div class=\"p-rich_text_block\" dir=\"auto\">\n<h4 class=\"p-rich_text_section\" style=\"text-align: left;\"><span style=\"color: #d52b36;\">Changement de direction g\u00e9n\u00e9rale et cr\u00e9ation d&rsquo;une fonction support.<\/span><\/h4>\n<h5 class=\"p-rich_text_section\" style=\"text-align: left;\"><span style=\"color: #d52b36;\"><span style=\"color: #3e2b36;\">Ariane revient en prenant la suite de Lelio \u00e0 la direction de l&rsquo;entreprise.<\/span><br \/>\n<span style=\"color: #3e2b36;\">Cr\u00e9ation d&rsquo;un poste de d\u00e9veloppement commercial, 1ere fonction support mutualis\u00e9e entre les activit\u00e9s et les restaurants.<\/span><\/span><span style=\"color: #3e2b36;\">\u00a0 \u00a0\u00a0<\/span><\/h5>\n<p style=\"text-align: left;\"><img loading=\"lazy\" decoding=\"async\" class=\"size-medium wp-image-801 alignleft\" src=\"https:\/\/www.marmitesvolantes.fr\/wp-content\/uploads\/2021\/12\/Les-marmites-volantes137-MLM_3426-300x200.jpg\" alt=\"\" width=\"300\" height=\"200\" srcset=\"https:\/\/www.marmitesvolantes.fr\/wp-content\/uploads\/2021\/12\/Les-marmites-volantes137-MLM_3426-300x200.jpg 300w, https:\/\/www.marmitesvolantes.fr\/wp-content\/uploads\/2021\/12\/Les-marmites-volantes137-MLM_3426-1024x684.jpg 1024w, https:\/\/www.marmitesvolantes.fr\/wp-content\/uploads\/2021\/12\/Les-marmites-volantes137-MLM_3426-768x513.jpg 768w, https:\/\/www.marmitesvolantes.fr\/wp-content\/uploads\/2021\/12\/Les-marmites-volantes137-MLM_3426-1536x1025.jpg 1536w, https:\/\/www.marmitesvolantes.fr\/wp-content\/uploads\/2021\/12\/Les-marmites-volantes137-MLM_3426-2048x1367.jpg 2048w, https:\/\/www.marmitesvolantes.fr\/wp-content\/uploads\/2021\/12\/Les-marmites-volantes137-MLM_3426-1320x881.jpg 1320w\" sizes=\"auto, (max-width: 300px) 100vw, 300px\" \/><\/p>\n<h3 style=\"text-align: left;\"><\/h3>\n<h3 style=\"text-align: left;\"><\/h3>\n<h3><\/h3>\n<h3 style=\"text-align: left;\"><span style=\"color: #d52b35;\"><strong>2019 <\/strong><\/span><\/h3>\n<h4 style=\"text-align: left;\"><strong><span style=\"color: #d52b35;\">Transfert de l&rsquo;activit\u00e9 de production pour les \u00e9tablissements scolaires dans un laboratoire d\u00e9di\u00e9 \u00e0 La Chapelle.<\/span><\/strong><\/h4>\n<h5 style=\"text-align: left;\"><img loading=\"lazy\" decoding=\"async\" class=\"size-medium wp-image-802 alignleft\" src=\"https:\/\/www.marmitesvolantes.fr\/wp-content\/uploads\/2021\/12\/Les-marmites-volantes63-MLM_3067-300x200.jpg\" alt=\"\" width=\"300\" height=\"200\" srcset=\"https:\/\/www.marmitesvolantes.fr\/wp-content\/uploads\/2021\/12\/Les-marmites-volantes63-MLM_3067-300x200.jpg 300w, https:\/\/www.marmitesvolantes.fr\/wp-content\/uploads\/2021\/12\/Les-marmites-volantes63-MLM_3067-1024x684.jpg 1024w, https:\/\/www.marmitesvolantes.fr\/wp-content\/uploads\/2021\/12\/Les-marmites-volantes63-MLM_3067-768x513.jpg 768w, https:\/\/www.marmitesvolantes.fr\/wp-content\/uploads\/2021\/12\/Les-marmites-volantes63-MLM_3067-1536x1025.jpg 1536w, https:\/\/www.marmitesvolantes.fr\/wp-content\/uploads\/2021\/12\/Les-marmites-volantes63-MLM_3067-2048x1367.jpg 2048w, https:\/\/www.marmitesvolantes.fr\/wp-content\/uploads\/2021\/12\/Les-marmites-volantes63-MLM_3067-1320x881.jpg 1320w\" sizes=\"auto, (max-width: 300px) 100vw, 300px\" \/><\/h5>\n<h3 style=\"text-align: left;\"><\/h3>\n<h3 style=\"text-align: left;\"><\/h3>\n<h3><\/h3>\n<h3 style=\"text-align: left;\"><span style=\"color: #d52b35;\"><strong>2021<\/strong><\/span><\/h3>\n<h4 style=\"text-align: left;\"><span style=\"color: #d52b35;\"><span style=\"color: #d52b35;\">Ouverture d&rsquo;un restaurant au sein de l&rsquo;\u00e9cole des Arts D\u00e9coratifs \u00e0 Paris 5e.\u00a0<\/span><br \/>\n<span style=\"color: #d52b35;\">Cl\u00f4ture d&rsquo;une lev\u00e9e de fonds de 750 000 \u20ac aupr\u00e8s de 200 investisseurs \u00e0 impact particuliers ou professionnels (Fondation Carasso&#8230;)<\/span><\/span><\/h4>\n<p><img loading=\"lazy\" decoding=\"async\" class=\"size-medium wp-image-804 alignleft\" src=\"https:\/\/www.marmitesvolantes.fr\/wp-content\/uploads\/2021\/12\/IMG_6635-300x225.png\" alt=\"\" width=\"300\" height=\"200\" \/><\/p>\n<\/div>\n<\/div>\n<\/div>\n<\/div>\n<\/div>\n<\/div>\n<\/div>\n<\/div>\n<\/div>\n<\/div>\n<\/div>\n","protected":false},"excerpt":{"rendered":"<p>2011 Rencontre des 4 co-fondateurs et cr\u00e9ation de la SARL Les Bouffesquetaires A l\u2019origine, Bertrand et Lelio sous-louent des cuisines de restaurants pour produire les repas qu\u2019ils acheminent \u00e0 v\u00e9lo, ils font le service dans l\u2019entreprise dans des contenants de grand format puis repartent avec les contenants vides. Apr\u00e8s 2 ans, les limites sont identifi\u00e9es [&hellip;]<\/p>\n","protected":false},"author":1,"featured_media":733,"parent":12,"menu_order":0,"comment_status":"closed","ping_status":"closed","template":"souspageeditoriale.php","meta":{"footnotes":""},"class_list":["post-20","page","type-page","status-publish","has-post-thumbnail","hentry"],"_links":{"self":[{"href":"https:\/\/www.marmitesvolantes.fr\/index.php\/wp-json\/wp\/v2\/pages\/20","targetHints":{"allow":["GET"]}}],"collection":[{"href":"https:\/\/www.marmitesvolantes.fr\/index.php\/wp-json\/wp\/v2\/pages"}],"about":[{"href":"https:\/\/www.marmitesvolantes.fr\/index.php\/wp-json\/wp\/v2\/types\/page"}],"author":[{"embeddable":true,"href":"https:\/\/www.marmitesvolantes.fr\/index.php\/wp-json\/wp\/v2\/users\/1"}],"replies":[{"embeddable":true,"href":"https:\/\/www.marmitesvolantes.fr\/index.php\/wp-json\/wp\/v2\/comments?post=20"}],"version-history":[{"count":33,"href":"https:\/\/www.marmitesvolantes.fr\/index.php\/wp-json\/wp\/v2\/pages\/20\/revisions"}],"predecessor-version":[{"id":934,"href":"https:\/\/www.marmitesvolantes.fr\/index.php\/wp-json\/wp\/v2\/pages\/20\/revisions\/934"}],"up":[{"embeddable":true,"href":"https:\/\/www.marmitesvolantes.fr\/index.php\/wp-json\/wp\/v2\/pages\/12"}],"wp:featuredmedia":[{"embeddable":true,"href":"https:\/\/www.marmitesvolantes.fr\/index.php\/wp-json\/wp\/v2\/media\/733"}],"wp:attachment":[{"href":"https:\/\/www.marmitesvolantes.fr\/index.php\/wp-json\/wp\/v2\/media?parent=20"}],"curies":[{"name":"wp","href":"https:\/\/api.w.org\/{rel}","templated":true}]}}