{"id":22,"date":"2020-01-20T15:37:40","date_gmt":"2020-01-20T14:37:40","guid":{"rendered":"https:\/\/www.marmitesvolantes.fr\/?page_id=22"},"modified":"2025-05-16T13:29:05","modified_gmt":"2025-05-16T11:29:05","slug":"engagements","status":"publish","type":"page","link":"https:\/\/www.marmitesvolantes.fr\/index.php\/lentreprise\/engagements\/","title":{"rendered":"Engagements"},"content":{"rendered":"<h2 style=\"text-align: center;\"><strong>Si la viabilit\u00e9 \u00e9conomique est une n\u00e9cessit\u00e9, les Marmites Volantes sont avant tout port\u00e9es par une vision de soci\u00e9t\u00e9. Nos engagements sont le socle commun de chacune de nos activit\u00e9s, ils sont rest\u00e9s intacts depuis la cr\u00e9ation des Marmites Volantes.<br \/>\n<\/strong><\/h2>\n<p>&nbsp;<\/p>\n<h3><span style=\"color: #d52b35;\"><b>Du bon, du local et bien s\u00fbr de saison<\/b><\/span><\/h3>\n<ul>\n<li style=\"font-weight: 400;\" aria-level=\"1\">\n<h5><span style=\"color: #3e2b36;\">Des approvisionnements de saison, majoritairement bio et en circuit court, locaux d\u00e8s que possible.<\/span><\/h5>\n<\/li>\n<li style=\"font-weight: 400;\" aria-level=\"1\">\n<h5><span style=\"color: #3e2b36;\">Des produits bruts achet\u00e9s \u00e0 leur juste valeur, cuisin\u00e9s par nos soins et propos\u00e9s \u00e0 un prix raisonnable.<\/span><\/h5>\n<\/li>\n<li style=\"font-weight: 400;\" aria-level=\"1\">\n<h5><span style=\"color: #3e2b36;\">Des plats \u00e9quilibr\u00e9s avec des options v\u00e9g\u00e9tariennes, mais surtout des plats qui ont du go\u00fbt !<\/span><\/h5>\n<\/li>\n<\/ul>\n<p><iframe loading=\"lazy\" src=\"https:\/\/www.youtube.com\/embed\/ehS7JWKBCVY\" width=\"100%\" height=\"700\" frameborder=\"0\" allowfullscreen=\"allowfullscreen\"><span style=\"display: inline-block; width: 0px; overflow: hidden; line-height: 0;\" data-mce-type=\"bookmark\" class=\"mce_SELRES_start\">\ufeff<\/span><\/iframe><\/p>\n<h3><span style=\"color: #d52b35;\">Recycler, c\u2019est bien. Ne pas produire de d\u00e9chets, c\u2019est mieux.<\/span><\/h3>\n<ul>\n<li>\n<h5><span style=\"color: #3e2b36;\">Les repas livr\u00e9s au boulot ou en restauration collective sont achemin\u00e9s dans des contenants r\u00e9uti<\/span><span style=\"color: #3e2b36;\">lisables comme nos fameuses marmites.<\/span><\/h5>\n<\/li>\n<li>\n<h5><span style=\"color: #3e2b36;\">La vente \u00e0 emporter dans nos restos est propos\u00e9e en contenants consign\u00e9s ! <\/span><\/h5>\n<\/li>\n<li>\n<h5><span style=\"color: #3e2b36;\">Les biod\u00e9chets des cuisines de nos restos sont collect\u00e9s et compost\u00e9s par des structures locales.<\/span><\/h5>\n<\/li>\n<\/ul>\n<p><iframe loading=\"lazy\" title=\"YouTube video player\" src=\"https:\/\/www.youtube.com\/embed\/pKax7GfkHv8\" width=\"100%\" height=\"700\" frameborder=\"0\" allowfullscreen=\"allowfullscreen\"><\/iframe><\/p>\n<h3><span style=\"color: #d52b35;\"><b>De la mobilit\u00e9 douce\u2026 pour la plan\u00e8te et nos \u00e9quipes\u00a0\u00a0<\/b><\/span><\/h3>\n<ul>\n<li>\n<h5><span style=\"color: #3e2b36;\"> Les livraisons sont assur\u00e9es en v\u00e9lo cargo \u00e0 assistance \u00e9lectrique\u2026\u00a0<\/span><\/h5>\n<\/li>\n<li>\n<h5><span style=\"color: #3e2b36;\"> \u2026 avec des plats chauds et froids qui arrivent en temp\u00e9rature, jusqu\u2019\u00e0 une heure de trajet de nos cuisines. Un d\u00e9fi de taille ! <\/span><\/h5>\n<\/li>\n<li>\n<h5><span style=\"color: #3e2b36;\">\u00a0Nos livreurs sont salari\u00e9s des Marmites Volantes, leur \u00e9quipement est mis \u00e0 disposition par l\u2019entreprise.<\/span><\/h5>\n<\/li>\n<\/ul>\n<p><iframe loading=\"lazy\" title=\"YouTube video player\" src=\"https:\/\/www.youtube.com\/embed\/P7rihoND96o\" width=\"100%\" height=\"700\" frameborder=\"0\" allowfullscreen=\"allowfullscreen\"><\/iframe><\/p>\n<h3><span style=\"color: #d52b35;\"><b>La pr\u00e9servation des ressources\u2026 humaines\u00a0\u00a0<\/b><\/span><\/h3>\n<ul>\n<li>\n<h5><span style=\"color: #3e2b36;\"> La diversit\u00e9 est une force : nous pratiquons un recrutement inclusif et proposons des sorties de parcours d\u2019insertion.\u00a0<\/span><\/h5>\n<\/li>\n<li>\n<h5><span style=\"color: #3e2b36;\"> Plus de 90% de nos \u00e9quipes sont en CDI. Chez nous la masse salariale n&rsquo;est pas une variable d&rsquo;ajustement.\u00a0<\/span><\/h5>\n<\/li>\n<li>\n<h5><span style=\"color: #3e2b36;\"> Nous encourageons nos salari\u00e9s \u00e0 se former et la promotion interne est l\u2019un des piliers de notre entreprise.<\/span><\/h5>\n<\/li>\n<\/ul>\n<p><iframe loading=\"lazy\" title=\"YouTube video player\" src=\"https:\/\/www.youtube.com\/embed\/EzjebH24-zg\" width=\"100%\" height=\"700\" frameborder=\"0\" allowfullscreen=\"allowfullscreen\"><\/iframe><\/p>\n","protected":false},"excerpt":{"rendered":"<p>Si la viabilit\u00e9 \u00e9conomique est une n\u00e9cessit\u00e9, les Marmites Volantes sont avant tout port\u00e9es par une vision de soci\u00e9t\u00e9. Nos engagements sont le socle commun de chacune de nos activit\u00e9s, ils sont rest\u00e9s intacts depuis la cr\u00e9ation des Marmites Volantes. &nbsp; Du bon, du local et bien s\u00fbr de saison Des approvisionnements de saison, majoritairement [&hellip;]<\/p>\n","protected":false},"author":1,"featured_media":197,"parent":12,"menu_order":0,"comment_status":"closed","ping_status":"closed","template":"souspageeditoriale.php","meta":{"footnotes":""},"class_list":["post-22","page","type-page","status-publish","has-post-thumbnail","hentry"],"_links":{"self":[{"href":"https:\/\/www.marmitesvolantes.fr\/index.php\/wp-json\/wp\/v2\/pages\/22","targetHints":{"allow":["GET"]}}],"collection":[{"href":"https:\/\/www.marmitesvolantes.fr\/index.php\/wp-json\/wp\/v2\/pages"}],"about":[{"href":"https:\/\/www.marmitesvolantes.fr\/index.php\/wp-json\/wp\/v2\/types\/page"}],"author":[{"embeddable":true,"href":"https:\/\/www.marmitesvolantes.fr\/index.php\/wp-json\/wp\/v2\/users\/1"}],"replies":[{"embeddable":true,"href":"https:\/\/www.marmitesvolantes.fr\/index.php\/wp-json\/wp\/v2\/comments?post=22"}],"version-history":[{"count":36,"href":"https:\/\/www.marmitesvolantes.fr\/index.php\/wp-json\/wp\/v2\/pages\/22\/revisions"}],"predecessor-version":[{"id":1300,"href":"https:\/\/www.marmitesvolantes.fr\/index.php\/wp-json\/wp\/v2\/pages\/22\/revisions\/1300"}],"up":[{"embeddable":true,"href":"https:\/\/www.marmitesvolantes.fr\/index.php\/wp-json\/wp\/v2\/pages\/12"}],"wp:featuredmedia":[{"embeddable":true,"href":"https:\/\/www.marmitesvolantes.fr\/index.php\/wp-json\/wp\/v2\/media\/197"}],"wp:attachment":[{"href":"https:\/\/www.marmitesvolantes.fr\/index.php\/wp-json\/wp\/v2\/media?parent=22"}],"curies":[{"name":"wp","href":"https:\/\/api.w.org\/{rel}","templated":true}]}}