{"id":28,"date":"2020-01-20T15:38:44","date_gmt":"2020-01-20T14:38:44","guid":{"rendered":"https:\/\/www.marmitesvolantes.fr\/?page_id=28"},"modified":"2026-04-15T13:39:59","modified_gmt":"2026-04-15T11:39:59","slug":"en-livraison","status":"publish","type":"page","link":"https:\/\/www.marmitesvolantes.fr\/index.php\/nos-offres\/en-livraison\/","title":{"rendered":"En livraison"},"content":{"rendered":"<div class=\"page\" title=\"Page 4\">\n<div class=\"section\">\n<div class=\"layoutArea\">\n<div class=\"column\">\n<h3 style=\"text-align: left;\"><span style=\"color: #d52b35;\"><strong>Nos prestations en livraison<\/strong><\/span><\/h3>\n<h4><span style=\"color: #d52b35;\">Les formules marmites<\/span><\/h4>\n<p>Elles sont la solution id\u00e9ale pour vos r\u00e9unions, vos formations et autres \u00e9v\u00e9nements d&rsquo;entreprise. Livr\u00e9es chaudes sur votre lieu de travail, 0 d\u00e9chet, conviviales et d\u00e9licieuses.<\/p>\n<\/div>\n<ul>\n<li>Formule v\u00e9g\u00e9tarienne : Entr\u00e9e &#8211; Plat &#8211; 15 \u20ac HT \/ pers.<\/li>\n<li>Formule avec viande : Entr\u00e9e &#8211; Plat &#8211; 18 \u20ac HT \/ pers.<\/li>\n<\/ul>\n<\/div>\n<p>En option :<\/p>\n<ul>\n<li>Dessert individuel &#8211; 3,5 \u20ac HT<\/li>\n<li>Kit couverts r\u00e9utilisables &#8211; 1,5 \u20ac HT<\/li>\n<li>Boissons chaudes ou fra\u00eeches, nappages, personnel&#8230; sur demande.<\/li>\n<\/ul>\n<h4><span style=\"color: #d52b35;\">Prestation traiteur<\/span><\/h4>\n<p>Buffet repas, cocktail&#8230; nos prestations s&rsquo;adaptent \u00e0 vos besoins.<\/p>\n<ul>\n<li>Buffet froid \u00e0 manger debout avec une petite assiette : 4 \u00e9l\u00e9ments &#8211; tartinade, salade compos\u00e9e, ovoproduit, l\u00e9gumes &#8211; 15 \u20ac HT\/p<\/li>\n<li>Cocktail sur mesure : bouch\u00e9es sal\u00e9es, tartinades, cakes, charcuterie &amp; fromage, l\u00e9gumes \u00e0 croquer, plateau de bouch\u00e9es sucr\u00e9es&#8230; \u00e0 la carte, voir sur le catalogue.<\/li>\n<\/ul>\n<h4><span style=\"color: #d52b35;\">La livraison<\/span><\/h4>\n<p>La livraison est effectu\u00e9e en v\u00e9lo cargo. Notre cr\u00e9neau de livraison habituel est 11h30 &#8211; 12h30. Frais de livraison calcul\u00e9s en fonction de l&rsquo;adresse. Toute contrainte horaire suppl\u00e9mentaire sera factur\u00e9e 18 \u20ac HT.<\/p>\n<div class=\"layoutArea\">\n<h1 style=\"text-align: center;\"><span style=\"color: #d52b35;\"><strong><img loading=\"lazy\" decoding=\"async\" class=\"wp-image-349 size-full aligncenter\" src=\"https:\/\/www.marmitesvolantes.fr\/wp-content\/uploads\/2023\/01\/En-livraion.003-e1703244586922.jpeg\" alt=\"\" width=\"680\" height=\"510\" \/><\/strong><\/span><\/h1>\n<h4 style=\"text-align: center;\"><a href=\"https:\/\/drive.google.com\/file\/d\/1xjkpntE2oAiiEYt-S2Nln_9lVsDIkJmO\/view?usp=sharing\"><span style=\"color: #d52b36;\">Consulter le catalogue<\/span><\/a><\/h4>\n<h4 style=\"text-align: left;\"><span style=\"color: #d52b35;\"><br \/>\nDites nous en plus sur votre \u00e9v\u00e9nement, nous vous ferons une proposition de devis. <\/span><\/h4>\n<h4 style=\"text-align: left;\"><span style=\"color: #d52b35;\">Cliquez sur <a style=\"color: #d52b35;\" href=\"https:\/\/www.marmitesvolantes.fr\/index.php\/commander\/\"><span style=\"color: #3e2b35;\">Commander,<\/span><\/a>\u00a0\u00e9crivez-nous \u00e0 <a href=\"mailto:commercial@marmitesvolantes.fr\"><span style=\"color: #3e2b35;\">commercial@marmitesvolantes.fr,<\/span><\/a><span style=\"color: #3e2b35;\"><span style=\"color: #d52b35;\">ou contactez nous au <span style=\"color: #3e2b36;\">07 66 49 21 51<\/span><\/span><\/span><\/span><\/h4>\n<h1 style=\"text-align: center;\"><span style=\"color: #d52b35;\"><strong><img loading=\"lazy\" decoding=\"async\" class=\"wp-image-349 size-full aligncenter\" src=\"https:\/\/www.marmitesvolantes.fr\/wp-content\/uploads\/2021\/12\/Page-22En-Livraison22.001-1.jpeg\" alt=\"\" width=\"907\" height=\"680\" \/><\/strong><\/span><\/h1>\n<h6>Retrouvez <a href=\"https:\/\/www.marmitesvolantes.fr\/index.php\/cgu-cgv\/\">nos CGU\/CGV<\/a><\/h6>\n<h6><span style=\"color: #ffffff;\">Plateaux repas &amp; traiteur 0 d\u00e9chet \/ Paris \u00cele de France \/ Approvisionnements responsables \/ Mobilit\u00e9 douce \/ Engagement social<\/span><\/h6>\n<\/div>\n<\/div>\n<\/div>\n","protected":false},"excerpt":{"rendered":"<p>Nos prestations en livraison Les formules marmites Elles sont la solution id\u00e9ale pour vos r\u00e9unions, vos formations et autres \u00e9v\u00e9nements d&rsquo;entreprise. Livr\u00e9es chaudes sur votre lieu de travail, 0 d\u00e9chet, conviviales et d\u00e9licieuses. Formule v\u00e9g\u00e9tarienne : Entr\u00e9e &#8211; Plat &#8211; 15 \u20ac HT \/ pers. Formule avec viande : Entr\u00e9e &#8211; Plat &#8211; 18 \u20ac [&hellip;]<\/p>\n","protected":false},"author":1,"featured_media":197,"parent":14,"menu_order":0,"comment_status":"closed","ping_status":"closed","template":"souspageeditoriale.php","meta":{"footnotes":""},"class_list":["post-28","page","type-page","status-publish","has-post-thumbnail","hentry"],"_links":{"self":[{"href":"https:\/\/www.marmitesvolantes.fr\/index.php\/wp-json\/wp\/v2\/pages\/28","targetHints":{"allow":["GET"]}}],"collection":[{"href":"https:\/\/www.marmitesvolantes.fr\/index.php\/wp-json\/wp\/v2\/pages"}],"about":[{"href":"https:\/\/www.marmitesvolantes.fr\/index.php\/wp-json\/wp\/v2\/types\/page"}],"author":[{"embeddable":true,"href":"https:\/\/www.marmitesvolantes.fr\/index.php\/wp-json\/wp\/v2\/users\/1"}],"replies":[{"embeddable":true,"href":"https:\/\/www.marmitesvolantes.fr\/index.php\/wp-json\/wp\/v2\/comments?post=28"}],"version-history":[{"count":89,"href":"https:\/\/www.marmitesvolantes.fr\/index.php\/wp-json\/wp\/v2\/pages\/28\/revisions"}],"predecessor-version":[{"id":40561,"href":"https:\/\/www.marmitesvolantes.fr\/index.php\/wp-json\/wp\/v2\/pages\/28\/revisions\/40561"}],"up":[{"embeddable":true,"href":"https:\/\/www.marmitesvolantes.fr\/index.php\/wp-json\/wp\/v2\/pages\/14"}],"wp:featuredmedia":[{"embeddable":true,"href":"https:\/\/www.marmitesvolantes.fr\/index.php\/wp-json\/wp\/v2\/media\/197"}],"wp:attachment":[{"href":"https:\/\/www.marmitesvolantes.fr\/index.php\/wp-json\/wp\/v2\/media?parent=28"}],"curies":[{"name":"wp","href":"https:\/\/api.w.org\/{rel}","templated":true}]}}