{"id":32,"date":"2020-01-20T15:39:36","date_gmt":"2020-01-20T14:39:36","guid":{"rendered":"https:\/\/www.marmitesvolantes.fr\/?page_id=32"},"modified":"2025-05-15T14:02:26","modified_gmt":"2025-05-15T12:02:26","slug":"la-restauration-scolaire-gourmande-et-durable","status":"publish","type":"page","link":"https:\/\/www.marmitesvolantes.fr\/index.php\/nos-offres\/la-restauration-scolaire-gourmande-et-durable\/","title":{"rendered":"Restauration scolaire durable et gourmande"},"content":{"rendered":"<h3><span style=\"color: #d52b36;\"><b>Restauration scolaire durable et gourmande<\/b><\/span><\/h3>\n<h2><span style=\"color: #d52b36;\"><b>Notre proposition<\/b><\/span><\/h2>\n<p><span style=\"font-weight: 400; color: #3e2b36;\">Parce que bien manger n\u2019attend pas l\u2019\u00e2ge adulte, nous proposons une offre pour les plus jeunes d\u2019entre nous. Nous appliquons la m\u00eame recette que dans notre restaurant : <strong>du fait maison, des produits bios, locaux et des contenants consign\u00e9s<\/strong> !<\/span><\/p>\n<p><span style=\"font-weight: 400; color: #3e2b36;\">C\u2019est ainsi que chaque jour, notre Chef Ronan et son \u00e9quipe cuisinent plus de 2000 repas dans notre belle cuisine de Saint Denis. Tous livr\u00e9s \u00e0 v\u00e9lo ou en mode de transport doux, nous r\u00e9galons <strong>les enfants des maternelles, \u00e9l\u00e9mentaires et coll\u00e8ges d\u2019\u00eele de France<\/strong>.<\/span><\/p>\n<h2><strong><span style=\"color: #d52b36;\">Des repas Eco-Responsables<\/span><\/strong><\/h2>\n<p>&#8211; A base de produits issus de l&rsquo;<strong>agriculture biologique \u00e0 plus de 60%<\/strong><br \/>\n<span style=\"font-weight: 400; color: #3e2b36;\">&#8211; Une fre\u0301quence r\u00e9duite des prote\u0301ines animales et une <strong>valorisation des prote\u0301ines ve\u0301ge\u0301tales<\/strong> (avec alternative v\u00e9g\u00e9tarienne propos\u00e9e les jours avec de la viande ou du poisson)<br \/>\n<\/span><span style=\"font-weight: 400; color: #3e2b36;\">&#8211; Conditionnement dans des <strong>contenants consign\u00e9s en inox<\/strong>. Dehors le plastique !<br \/>\n<\/span><span style=\"font-weight: 400; color: #3e2b36;\">&#8211; Livraison <strong>en v\u00e9lo cargo<\/strong> (ou en v\u00e9hicule \u00e9lectrique en dehors du p\u00e9rim\u00e8tre)\u00a0\u00a0<\/span><\/p>\n<p><span style=\"font-weight: 400;\">Aux Marmites Volantes, nous proposons une cuisine qui respecte les saisons et se met au service d\u2019une <strong>agriculture durable<\/strong>. C\u2019est dans ce m\u00eame objectif que nous avons construit des relations de longue dur\u00e9e avec <a href=\"https:\/\/www.marmitesvolantes.fr\/index.php\/lentreprise\/fournisseurs\/\">nos fournisseurs<\/a><\/span><span style=\"font-weight: 400;\">.<\/span><\/p>\n<h1 style=\"text-align: center;\"><img loading=\"lazy\" decoding=\"async\" class=\"wp-image-349 size-full aligncenter\" src=\"https:\/\/www.marmitesvolantes.fr\/wp-content\/uploads\/2021\/12\/Image.001.jpeg\" alt=\"\" width=\"680\" height=\"510\" \/><\/h1>\n<p><span style=\"font-weight: 400; color: #3e2b36;\">Nous avons identifi\u00e9 de nombreux leviers pour repenser la restauration scolaire pour construire une offre coh\u00e9rente adapt\u00e9e aux enfants. Une r\u00e9flexion a \u00e9t\u00e9 men\u00e9e avec une di\u00e9t\u00e9ticienne sur la diversification des apports en prot\u00e9ines pour des menus \u00e9quilibr\u00e9s adapt\u00e9s au go\u00fbt des enfants.<\/span><\/p>\n<p><span style=\"font-weight: 400; color: #3e2b36;\">D\u00e9couvrez <a href=\"https:\/\/drive.google.com\/file\/d\/1ZOH04g_8-EsR__vkcFaZCS4lOYRRR_Pv\/view?usp=sharing\">un exemple de menus sur une semaine<\/a>.<\/span><\/p>\n<h2><span style=\"color: #d52b36;\"><b>Des ateliers p\u00e9dagogiques<\/b><\/span><\/h2>\n<p><span style=\"font-weight: 400; color: #3e2b36;\">En compl\u00e9ment des repas livr\u00e9s, nous proposons <strong>des ateliers p\u00e9dagogiques autour de l\u2019alimentation<\/strong>. La sensibilisation faite lors de ces ateliers permet, outre l\u2019apport de connaissances, d&rsquo;attiser la curiosit\u00e9 des enfants lors des prochains repas et ainsi r\u00e9duire les restes dans les assiettes. Pas mal non ?\u00a0<\/span><\/p>\n<p><span style=\"font-weight: 400; color: #3e2b36;\">Aussi, il nous semble fondamental de <strong>sensibiliser les enfants aux enjeux environnementaux et sociaux actuels li\u00e9s \u00e0 l\u2019alimentation<\/strong>.<\/span><\/p>\n<p><span style=\"font-weight: 400; color: #3e2b36;\">Voici quelques exemples d\u2019ateliers propos\u00e9s :<\/span><\/p>\n<p><span style=\"font-weight: 400; color: #3e2b36;\">\u00a0 \u00a0 \u00a0 \u00a0 \u00a0 &#8211; D\u00e9gustations \u00e0 l\u2019aveugle et d\u00e9couverte du go\u00fbt (sucr\u00e9, sal\u00e9, amer, acide)<br \/>\n<\/span><span style=\"font-weight: 400; color: #3e2b36;\">\u00a0 \u00a0 \u00a0 \u00a0 \u00a0 &#8211; D\u00e9couverte des \u00e9pices et de leurs provenances<br \/>\n<\/span><span style=\"font-weight: 400; color: #3e2b36;\">\u00a0 \u00a0 \u00a0 \u00a0 \u00a0 &#8211; D\u00e9couverte de la pyramide alimentaire et cr\u00e9ation de menus \u00e9quilibr\u00e9s etc\u2026<br \/>\n<\/span><span style=\"font-weight: 400; color: #3e2b36;\">\u00a0 \u00a0 \u00a0 \u00a0 \u00a0 &#8211; D\u00e9couverte des l\u00e9gumineuses: la culture, les diff\u00e9rentes vari\u00e9t\u00e9s, les bienfaits pour la sant\u00e9 et la plan\u00e8te<\/span><\/p>\n<h2 class=\"p1\"><span class=\"s1\" style=\"color: #d52b36;\"><b>Les formations aux collectivit\u00e9s<\/b><\/span><\/h2>\n<p class=\"p1\"><span style=\"color: #3e2b36;\"><span class=\"s1\">Nous sommes convaincus que le secteur de la restauration collective a besoin d\u2019\u00e9voluer et qu\u2019il faut transformer profond\u00e9ment les pratiques pour que tous les enfants aient acc\u00e8s \u00e0 une cantine bonne, propre et juste. <\/span><span class=\"s1\">C\u2019est pourquoi nous nous mobilisons pour partager nos bonnes pratiques aupr\u00e8s de collectivit\u00e9s publiques a<\/span><span class=\"s1\">vec <strong>notre partenaire la <a style=\"color: #3e2b36;\" href=\"https:\/\/www.scicnourrirlavenir.com\/agir\">SCIC Nourrir l&rsquo;avenir.<\/a><\/strong><\/span><\/span><\/p>\n<p><span style=\"color: #3e2b36;\">Quelques exemples de formations :<\/span><\/p>\n<p><span style=\"color: #3e2b36;\">&#8211; Faciliter l&rsquo;introduction de produits bio en restauration collective, ma\u00eetriser les co\u00fbts et planifier ses approvisionnements<br \/>\n&#8211; Faciliter l\u2019introduction des plats v\u00e9g\u00e9tariens et alternatifs dans son offre alimentaire<br \/>\n<\/span><\/p>\n<p><span style=\"color: #3e2b36;\">Retrouvez ici, <a style=\"color: #3e2b36;\" href=\"https:\/\/www.scicnourrirlavenir.com\/agir\">le catalogue complet<\/a> des formations par la SCIC Nourrir l&rsquo;avenir.<\/span><\/p>\n<h4><span style=\"color: #d52b36;\">Pour toutes questions, vous pouvez nous contacter\u00a0\u00e0 <a style=\"color: #d52b36;\" href=\"mailto:scolaire@marmitesvolantes.fr\">scolaire@marmitesvolantes.fr<\/a><\/span><\/h4>\n<p><iframe loading=\"lazy\" src=\"https:\/\/www.youtube.com\/embed\/Kg9asmPvuwI\" width=\"100%\" height=\"500\" frameborder=\"0\" allowfullscreen=\"allowfullscreen\"><span style=\"display: inline-block; width: 0px; overflow: hidden; line-height: 0;\" data-mce-type=\"bookmark\" class=\"mce_SELRES_start\">\ufeff<\/span><\/iframe><\/p>\n<h4><\/h4>\n<h4><\/h4>\n","protected":false},"excerpt":{"rendered":"<p>Restauration scolaire durable et gourmande Notre proposition Parce que bien manger n\u2019attend pas l\u2019\u00e2ge adulte, nous proposons une offre pour les plus jeunes d\u2019entre nous. Nous appliquons la m\u00eame recette que dans notre restaurant : du fait maison, des produits bios, locaux et des contenants consign\u00e9s ! C\u2019est ainsi que chaque jour, notre Chef Ronan [&hellip;]<\/p>\n","protected":false},"author":1,"featured_media":741,"parent":14,"menu_order":0,"comment_status":"closed","ping_status":"closed","template":"souspageeditoriale.php","meta":{"footnotes":""},"class_list":["post-32","page","type-page","status-publish","has-post-thumbnail","hentry"],"_links":{"self":[{"href":"https:\/\/www.marmitesvolantes.fr\/index.php\/wp-json\/wp\/v2\/pages\/32","targetHints":{"allow":["GET"]}}],"collection":[{"href":"https:\/\/www.marmitesvolantes.fr\/index.php\/wp-json\/wp\/v2\/pages"}],"about":[{"href":"https:\/\/www.marmitesvolantes.fr\/index.php\/wp-json\/wp\/v2\/types\/page"}],"author":[{"embeddable":true,"href":"https:\/\/www.marmitesvolantes.fr\/index.php\/wp-json\/wp\/v2\/users\/1"}],"replies":[{"embeddable":true,"href":"https:\/\/www.marmitesvolantes.fr\/index.php\/wp-json\/wp\/v2\/comments?post=32"}],"version-history":[{"count":78,"href":"https:\/\/www.marmitesvolantes.fr\/index.php\/wp-json\/wp\/v2\/pages\/32\/revisions"}],"predecessor-version":[{"id":1296,"href":"https:\/\/www.marmitesvolantes.fr\/index.php\/wp-json\/wp\/v2\/pages\/32\/revisions\/1296"}],"up":[{"embeddable":true,"href":"https:\/\/www.marmitesvolantes.fr\/index.php\/wp-json\/wp\/v2\/pages\/14"}],"wp:featuredmedia":[{"embeddable":true,"href":"https:\/\/www.marmitesvolantes.fr\/index.php\/wp-json\/wp\/v2\/media\/741"}],"wp:attachment":[{"href":"https:\/\/www.marmitesvolantes.fr\/index.php\/wp-json\/wp\/v2\/media?parent=32"}],"curies":[{"name":"wp","href":"https:\/\/api.w.org\/{rel}","templated":true}]}}