{"id":569,"date":"2020-04-06T11:57:13","date_gmt":"2020-04-06T09:57:13","guid":{"rendered":"https:\/\/www.marmitesvolantes.fr\/?page_id=569"},"modified":"2026-04-15T13:39:07","modified_gmt":"2026-04-15T11:39:07","slug":"catalogue","status":"publish","type":"page","link":"https:\/\/www.marmitesvolantes.fr\/index.php\/catalogue\/","title":{"rendered":"Catalogue"},"content":{"rendered":"<h5 style=\"text-align: center;\">Vous trouverez dans le catalogue l&rsquo;ensemble des produits et services disponibles avec leur tarif.<br \/>\nSi besoin, n&rsquo;h\u00e9sitez pas \u00e0 nous contacter (commercial@marmitesvolantes.fr), nous serons ravis d&rsquo;\u00e9changer avec vous pour construire la prestation qui correspondra le mieux \u00e0 vos besoins et \u00e0 vos envies.<\/h5>\n<p>&nbsp;<\/p>\n<h2 style=\"margin-bottom: 80px; text-align: center;\"><a href=\"https:\/\/drive.google.com\/file\/d\/1xjkpntE2oAiiEYt-S2Nln_9lVsDIkJmO\/view?usp=sharing\"><strong><span style=\"color: #d52b36;\">Consulter le catalogue<\/span><\/strong><\/a><\/h2>\n<h2 style=\"text-align: center;\"><strong><span style=\"color: #d52b36;\"><a style=\"color: #d52b36;\" href=\"https:\/\/www.marmitesvolantes.fr\/index.php\/commander\/\">Demande de devis<\/a><\/span><\/strong><\/h2>\n<p>&nbsp;<\/p>\n","protected":false},"excerpt":{"rendered":"<p>Vous trouverez dans le catalogue l&rsquo;ensemble des produits et services disponibles avec leur tarif. Si besoin, n&rsquo;h\u00e9sitez pas \u00e0 nous contacter (commercial@marmitesvolantes.fr), nous serons ravis d&rsquo;\u00e9changer avec vous pour construire la prestation qui correspondra le mieux \u00e0 vos besoins et \u00e0 vos envies. &nbsp; Consulter le catalogue Demande de devis &nbsp;<\/p>\n","protected":false},"author":1,"featured_media":390,"parent":0,"menu_order":0,"comment_status":"closed","ping_status":"closed","template":"editoriale.php","meta":{"footnotes":""},"class_list":["post-569","page","type-page","status-publish","has-post-thumbnail","hentry"],"_links":{"self":[{"href":"https:\/\/www.marmitesvolantes.fr\/index.php\/wp-json\/wp\/v2\/pages\/569","targetHints":{"allow":["GET"]}}],"collection":[{"href":"https:\/\/www.marmitesvolantes.fr\/index.php\/wp-json\/wp\/v2\/pages"}],"about":[{"href":"https:\/\/www.marmitesvolantes.fr\/index.php\/wp-json\/wp\/v2\/types\/page"}],"author":[{"embeddable":true,"href":"https:\/\/www.marmitesvolantes.fr\/index.php\/wp-json\/wp\/v2\/users\/1"}],"replies":[{"embeddable":true,"href":"https:\/\/www.marmitesvolantes.fr\/index.php\/wp-json\/wp\/v2\/comments?post=569"}],"version-history":[{"count":34,"href":"https:\/\/www.marmitesvolantes.fr\/index.php\/wp-json\/wp\/v2\/pages\/569\/revisions"}],"predecessor-version":[{"id":40560,"href":"https:\/\/www.marmitesvolantes.fr\/index.php\/wp-json\/wp\/v2\/pages\/569\/revisions\/40560"}],"wp:featuredmedia":[{"embeddable":true,"href":"https:\/\/www.marmitesvolantes.fr\/index.php\/wp-json\/wp\/v2\/media\/390"}],"wp:attachment":[{"href":"https:\/\/www.marmitesvolantes.fr\/index.php\/wp-json\/wp\/v2\/media?parent=569"}],"curies":[{"name":"wp","href":"https:\/\/api.w.org\/{rel}","templated":true}]}}